{"id":11202,"date":"2024-08-06T10:11:25","date_gmt":"2024-08-06T10:11:25","guid":{"rendered":"https:\/\/www.kravosguadagno.it\/?page_id=11202"},"modified":"2024-08-28T20:10:05","modified_gmt":"2024-08-28T20:10:05","slug":"unsere-geschichte","status":"publish","type":"page","link":"https:\/\/www.kravosguadagno.it\/de\/unsere-geschichte","title":{"rendered":"Unsere geschichte -Studio Kravos &amp; Guadagno &#8211;\u00a0Zahnarzt\u00a0Triest"},"content":{"rendered":"\t\t<div data-elementor-type=\"wp-page\" data-elementor-id=\"11202\" class=\"elementor elementor-11202\" data-elementor-post-type=\"page\">\n\t\t\t\t<div class=\"elementor-element elementor-element-094712d e-flex e-con-boxed e-con e-parent\" data-id=\"094712d\" data-element_type=\"container\" data-e-type=\"container\" data-settings=\"{&quot;background_background&quot;:&quot;classic&quot;}\">\n\t\t\t\t\t<div class=\"e-con-inner\">\n\t\t\t\t<div class=\"elementor-element elementor-element-caf7b1d elementor-widget elementor-widget-pt-heading\" data-id=\"caf7b1d\" data-element_type=\"widget\" data-e-type=\"widget\" data-widget_type=\"pt-heading.default\">\n\t\t\t\t<div class=\"elementor-widget-container\">\n\t\t\t\t\t\n\t\t<div class=\"pt-heading text-align-left\">\n\t\t\t\t\t\t\t<p class=\"pt-heading-subtitle\">Unsere geschichte\n<\/p>\n\t\t\t\n\t\t\t\t\t\t\t<h2 class=\"pt-heading-title h2\">\n\t\t\t\t\t\u00dcber uns\t\t\t\t<\/h2>\n\t\t\t\t\t<\/div>\n\n\t\t\t\t\t\t<\/div>\n\t\t\t\t<\/div>\n\t\t\t\t<div class=\"elementor-element elementor-element-e5c2238 elementor-widget elementor-widget-text-editor\" data-id=\"e5c2238\" data-element_type=\"widget\" data-e-type=\"widget\" data-widget_type=\"text-editor.default\">\n\t\t\t\t<div class=\"elementor-widget-container\">\n\t\t\t\t\t\t\t\t\t<p>Im M\u00e4rz 2009 trafen sich Simone Kravos und Francesco Guadagno zum ersten Mal, beide auf der Suche nach einem beruflichen Partner. Das Treffen \u00fcbertraf die Erwartungen beider, eine echte berufliche Liebe auf den ersten Blick, die innerhalb von drei Monaten zur Gr\u00fcndung einer einzigen Firma f\u00fchrte, der Gemeinschaftspraxis Kravos und Guadagno.<\/p><p>Mit einem Team von nur 6 Personen, zwei \u00c4rzten, zwei Dentalhygienikerinnen und zwei Assistentinnen, ist die Praxis erfolgreich und in nur wenigen Jahren w\u00e4chst die Zahl der Kooperationen mit anderen \u00c4rzten, dem Kieferorthop\u00e4den, dem Kinderzahnarzt \u2013 dem Kinderarzt \u2013 dem Endodontologen, dem Experten f\u00fcr direkte Restaurationen und dem Spezialisten f\u00fcr Oralchirurgie und Sedierung. Die Zahl der Dentalhygieniker steigt auf 6, von denen einige Experten f\u00fcr Parodontalbehandlung, andere f\u00fcr Kinderhygiene und Pr\u00e4vention und wieder andere f\u00fcr \u00e4sthetische Behandlungen und Zahnaufhellung sind.\u00a0Schlie\u00dflich w\u00e4chst auch die Zahl des Pflegepersonals und des Sekretariats.<\/p><p>Heute besteht das gesamte Team aus nicht weniger als 25 Personen!<\/p><p>Es war Dr. Michela Pocecco, die Leiterin und Verwalterin der Zahnarztpraxis, die alle Personalressourcen meisterhaft verwaltet und die Praxis durch zwei Renovierungen begleitet hat, die letzte im Jahr 2018 mit der Erweiterung der Einrichtung auf zwei Etagen.<\/p><p>Heute ist die Praxis ein Unternehmen, Kravos &amp; Guadagno srl, ein junges, schlankes Unternehmen, das nicht nur auf klinischer, sondern auch auf logistischer und organisatorischer Ebene wettbewerbsf\u00e4hig ist und sich mit anderen gro\u00dfen italienischen Kliniken des Sektors messen kann.<\/p>\t\t\t\t\t\t\t\t<\/div>\n\t\t\t\t<\/div>\n\t\t\t\t\t<\/div>\n\t\t\t\t<\/div>\n\t\t<div class=\"elementor-element elementor-element-661e002 e-flex e-con-boxed e-con e-child\" data-id=\"661e002\" data-element_type=\"container\" data-e-type=\"container\">\n\t\t\t\t\t<div class=\"e-con-inner\">\n\t\t<div class=\"elementor-element elementor-element-eaffd7a e-con-full e-flex elementor-invisible e-con e-child\" data-id=\"eaffd7a\" data-element_type=\"container\" data-e-type=\"container\" data-settings=\"{&quot;animation&quot;:&quot;fadeInLeft&quot;}\">\n\t\t\t\t<div class=\"elementor-element elementor-element-3d36462 elementor-widget elementor-widget-image\" data-id=\"3d36462\" data-element_type=\"widget\" data-e-type=\"widget\" data-widget_type=\"image.default\">\n\t\t\t\t<div class=\"elementor-widget-container\">\n\t\t\t\t\t\t\t\t\t\t\t\t\t\t\t<img fetchpriority=\"high\" decoding=\"async\" width=\"1280\" height=\"1920\" src=\"https:\/\/www.kravosguadagno.it\/wp-content\/uploads\/2024\/06\/149__XP32839.jpg\" class=\"attachment-full size-full wp-image-2115\" alt=\"\" srcset=\"https:\/\/www.kravosguadagno.it\/wp-content\/uploads\/2024\/06\/149__XP32839.jpg 1280w, https:\/\/www.kravosguadagno.it\/wp-content\/uploads\/2024\/06\/149__XP32839-200x300.jpg 200w, https:\/\/www.kravosguadagno.it\/wp-content\/uploads\/2024\/06\/149__XP32839-683x1024.jpg 683w, https:\/\/www.kravosguadagno.it\/wp-content\/uploads\/2024\/06\/149__XP32839-768x1152.jpg 768w, https:\/\/www.kravosguadagno.it\/wp-content\/uploads\/2024\/06\/149__XP32839-1024x1536.jpg 1024w, https:\/\/www.kravosguadagno.it\/wp-content\/uploads\/2024\/06\/149__XP32839-1080x1620.jpg 1080w\" sizes=\"(max-width: 1280px) 100vw, 1280px\" \/>\t\t\t\t\t\t\t\t\t\t\t\t\t\t\t<\/div>\n\t\t\t\t<\/div>\n\t\t<div class=\"elementor-element elementor-element-c6ca351 e-con-full e-flex e-con e-child\" data-id=\"c6ca351\" data-element_type=\"container\" data-e-type=\"container\" data-settings=\"{&quot;background_background&quot;:&quot;classic&quot;,&quot;position&quot;:&quot;absolute&quot;}\">\n\t\t\t\t<div class=\"elementor-element elementor-element-dbc9fb7 elementor-view-stacked elementor-position-inline-start elementor-mobile-position-inline-start elementor-shape-circle elementor-widget elementor-widget-icon-box\" data-id=\"dbc9fb7\" data-element_type=\"widget\" data-e-type=\"widget\" data-widget_type=\"icon-box.default\">\n\t\t\t\t<div class=\"elementor-widget-container\">\n\t\t\t\t\t\t\t<div class=\"elementor-icon-box-wrapper\">\n\n\t\t\t\t\t\t<div class=\"elementor-icon-box-icon\">\n\t\t\t\t<a href=\"https:\/\/www.kravosguadagno.it\/de\/vorteile\/erster-besuch-beim-zahnarzt\" class=\"elementor-icon\" tabindex=\"-1\" aria-label=\"Die Freude am L\u00e4cheln wiederentdecken\">\n\t\t\t\t<i aria-hidden=\"true\" class=\"pticon pticon-checkmark\"><\/i>\t\t\t\t<\/a>\n\t\t\t<\/div>\n\t\t\t\n\t\t\t\t\t\t<div class=\"elementor-icon-box-content\">\n\n\t\t\t\t\t\t\t\t\t<div class=\"elementor-icon-box-title\">\n\t\t\t\t\t\t<a href=\"https:\/\/www.kravosguadagno.it\/de\/vorteile\/erster-besuch-beim-zahnarzt\" >\n\t\t\t\t\t\t\tDie Freude am L\u00e4cheln wiederentdecken\t\t\t\t\t\t<\/a>\n\t\t\t\t\t<\/div>\n\t\t\t\t\n\t\t\t\t\n\t\t\t<\/div>\n\t\t\t\n\t\t<\/div>\n\t\t\t\t\t\t<\/div>\n\t\t\t\t<\/div>\n\t\t\t\t<div class=\"elementor-element elementor-element-f1a4f5d elementor-view-stacked elementor-position-inline-start elementor-mobile-position-inline-start elementor-shape-circle elementor-widget elementor-widget-icon-box\" data-id=\"f1a4f5d\" data-element_type=\"widget\" data-e-type=\"widget\" data-widget_type=\"icon-box.default\">\n\t\t\t\t<div class=\"elementor-widget-container\">\n\t\t\t\t\t\t\t<div class=\"elementor-icon-box-wrapper\">\n\n\t\t\t\t\t\t<div class=\"elementor-icon-box-icon\">\n\t\t\t\t<a href=\"https:\/\/www.kravosguadagno.it\/de\/vorteile\/der-erste-zahnarztbesuch-fuer-kinder\" class=\"elementor-icon\" tabindex=\"-1\" aria-label=\"Der Zahnarzt f\u00fcr die ganze Familie\">\n\t\t\t\t<i aria-hidden=\"true\" class=\"pticon pticon-checkmark\"><\/i>\t\t\t\t<\/a>\n\t\t\t<\/div>\n\t\t\t\n\t\t\t\t\t\t<div class=\"elementor-icon-box-content\">\n\n\t\t\t\t\t\t\t\t\t<div class=\"elementor-icon-box-title\">\n\t\t\t\t\t\t<a href=\"https:\/\/www.kravosguadagno.it\/de\/vorteile\/der-erste-zahnarztbesuch-fuer-kinder\" >\n\t\t\t\t\t\t\tDer Zahnarzt f\u00fcr die ganze Familie\t\t\t\t\t\t<\/a>\n\t\t\t\t\t<\/div>\n\t\t\t\t\n\t\t\t\t\n\t\t\t<\/div>\n\t\t\t\n\t\t<\/div>\n\t\t\t\t\t\t<\/div>\n\t\t\t\t<\/div>\n\t\t\t\t<\/div>\n\t\t\t\t<\/div>\n\t\t<div class=\"elementor-element elementor-element-ccb5e4f e-con-full e-flex elementor-invisible e-con e-child\" data-id=\"ccb5e4f\" data-element_type=\"container\" data-e-type=\"container\" data-settings=\"{&quot;animation&quot;:&quot;fadeInRight&quot;,&quot;animation_delay&quot;:300}\">\n\t\t\t\t<div class=\"elementor-element elementor-element-fa5760a elementor-widget elementor-widget-pt-heading\" data-id=\"fa5760a\" data-element_type=\"widget\" data-e-type=\"widget\" data-widget_type=\"pt-heading.default\">\n\t\t\t\t<div class=\"elementor-widget-container\">\n\t\t\t\t\t\n\t\t<div class=\"pt-heading text-align-left\">\n\t\t\t\t\t\t\t<p class=\"pt-heading-subtitle\">Die St\u00e4rke eines <\/p>\n\t\t\t\n\t\t\t\t\t\t\t<h2 class=\"pt-heading-title h2\">\n\t\t\t\t\tGut organisierten Teams\t\t\t\t<\/h2>\n\t\t\t\t\t<\/div>\n\n\t\t\t\t\t\t<\/div>\n\t\t\t\t<\/div>\n\t\t\t\t<div class=\"elementor-element elementor-element-f326d00 elementor-widget elementor-widget-text-editor\" data-id=\"f326d00\" data-element_type=\"widget\" data-e-type=\"widget\" data-widget_type=\"text-editor.default\">\n\t\t\t\t<div class=\"elementor-widget-container\">\n\t\t\t\t\t\t\t\t\t<p>In den Jahren des raschen Wachstums war es das gemeinsame Ziel von Francesco und Simone, eine Praxis zu gr\u00fcnden, in der die Patienten stets von erfahrenen und hochkompetenten \u00c4rzten aus den verschiedenen Bereichen der Zahnmedizin optimal betreut werden k\u00f6nnen. Der Zusammenschluss eines Teams von f\u00e4higen Fachleuten hat es erm\u00f6glicht, durch die Anwendung der f\u00fcr medizinische Kliniken typischen Organisations- und Gesch\u00e4ftsoptimierungskonzepte eine Realit\u00e4t klinischer und organisatorischer Effizienz zu schaffen, in der der Patient und all seine Bed\u00fcrfnisse an erster Stelle stehen, mit gr\u00f6\u00dftem Respekt vor seiner Zeit, und in der P\u00fcnktlichkeit und P\u00fcnktlichkeit der Behandlung ein Eckpfeiler sind.<\/p><p>\u00a0<\/p>\t\t\t\t\t\t\t\t<\/div>\n\t\t\t\t<\/div>\n\t\t\t\t<\/div>\n\t\t\t\t\t<\/div>\n\t\t\t\t<\/div>\n\t\t<div class=\"elementor-element elementor-element-78f2c5e e-flex e-con-boxed e-con e-parent\" data-id=\"78f2c5e\" data-element_type=\"container\" data-e-type=\"container\">\n\t\t\t\t\t<div class=\"e-con-inner\">\n\t\t\t\t<div class=\"elementor-element elementor-element-462a94f elementor-widget elementor-widget-pt-heading\" data-id=\"462a94f\" data-element_type=\"widget\" data-e-type=\"widget\" data-widget_type=\"pt-heading.default\">\n\t\t\t\t<div class=\"elementor-widget-container\">\n\t\t\t\t\t\n\t\t<div class=\"pt-heading text-align-center\">\n\t\t\t\t\t\t\t<p class=\"pt-heading-subtitle\">3 Pers\u00f6nlichkeiten,<\/p>\n\t\t\t\n\t\t\t\t\t\t\t<h2 class=\"pt-heading-title h2\">\n\t\t\t\t\t Ein gemeinsames Ziel\t\t\t\t<\/h2>\n\t\t\t\t\t<\/div>\n\n\t\t\t\t\t\t<\/div>\n\t\t\t\t<\/div>\n\t\t<div class=\"elementor-element elementor-element-f310eb9 e-con-full e-flex e-con e-child\" data-id=\"f310eb9\" data-element_type=\"container\" data-e-type=\"container\" data-settings=\"{&quot;background_background&quot;:&quot;classic&quot;}\">\n\t\t\t\t<div class=\"elementor-element elementor-element-1200761 elementor-widget elementor-widget-image\" data-id=\"1200761\" data-element_type=\"widget\" data-e-type=\"widget\" data-widget_type=\"image.default\">\n\t\t\t\t<div class=\"elementor-widget-container\">\n\t\t\t\t\t\t\t\t\t\t\t\t\t\t\t<img decoding=\"async\" width=\"1365\" height=\"828\" src=\"https:\/\/www.kravosguadagno.it\/wp-content\/uploads\/2024\/06\/chi-siamo.jpg\" class=\"attachment-full size-full wp-image-2797\" alt=\"\" srcset=\"https:\/\/www.kravosguadagno.it\/wp-content\/uploads\/2024\/06\/chi-siamo.jpg 1365w, https:\/\/www.kravosguadagno.it\/wp-content\/uploads\/2024\/06\/chi-siamo-300x182.jpg 300w, https:\/\/www.kravosguadagno.it\/wp-content\/uploads\/2024\/06\/chi-siamo-1024x621.jpg 1024w, https:\/\/www.kravosguadagno.it\/wp-content\/uploads\/2024\/06\/chi-siamo-768x466.jpg 768w, https:\/\/www.kravosguadagno.it\/wp-content\/uploads\/2024\/06\/chi-siamo-1080x655.jpg 1080w\" sizes=\"(max-width: 1365px) 100vw, 1365px\" \/>\t\t\t\t\t\t\t\t\t\t\t\t\t\t\t<\/div>\n\t\t\t\t<\/div>\n\t\t\t\t<\/div>\n\t\t\t\t<div class=\"elementor-element elementor-element-2fc2153 elementor-widget elementor-widget-pt-avatars\" data-id=\"2fc2153\" data-element_type=\"widget\" data-e-type=\"widget\" data-widget_type=\"pt-avatars.default\">\n\t\t\t\t<div class=\"elementor-widget-container\">\n\t\t\t\t\t\n\t\t<div class=\"pt-avatars\">\n\t\t\t\t\t\t\t<div class=\"item\"><img decoding=\"async\" src=\"https:\/\/www.kravosguadagno.it\/wp-content\/uploads\/2024\/06\/kravos_square-1.jpg\" alt=\"\"><\/div>\n\t\t\t\t\t\t\t<div class=\"item\"><img decoding=\"async\" src=\"https:\/\/www.kravosguadagno.it\/wp-content\/uploads\/2024\/06\/Francesco-Guadagno_square-1.jpg\" alt=\"\"><\/div>\n\t\t\t\t\t\t\t<div class=\"item\"><img decoding=\"async\" src=\"https:\/\/www.kravosguadagno.it\/wp-content\/uploads\/2024\/06\/101__DSF5414.jpg\" alt=\"\"><\/div>\n\t\t\t\t\t\t\t<div class=\"item\"><img decoding=\"async\" src=\"https:\/\/www.kravosguadagno.it\/wp-content\/uploads\/2024\/06\/94__DSF5365.jpg\" alt=\"\"><\/div>\n\t\t\t\t\t<\/div>\n\n\t\t\t\t\t\t<\/div>\n\t\t\t\t<\/div>\n\t\t<a class=\"elementor-element elementor-element-f1c6745 e-flex e-con-boxed e-con e-child\" data-id=\"f1c6745\" data-element_type=\"container\" data-e-type=\"container\" href=\"https:\/\/www.kravosguadagno.it\/de\/vorteile\/erfahrungsberichte\">\n\t\t\t\t\t<div class=\"e-con-inner\">\n\t\t\t\t<div class=\"elementor-element elementor-element-b5c940d elementor-widget__width-initial line-height-18px elementor-widget elementor-widget-pt-rating\" data-id=\"b5c940d\" data-element_type=\"widget\" data-e-type=\"widget\" data-widget_type=\"pt-rating.default\">\n\t\t\t\t<div class=\"elementor-widget-container\">\n\t\t\t\t\t\n\t\t<div class=\"pt-rating-wrapper\">\n\t\t\t\t\t\t\t<span>Lesen Sie mehr als 100+<br> positive Bewertungen<\/span>\n\t\t\t\n\t\t\t<div class=\"pt-rating\">\n\t\t\t\t<i class=\"pt-star-full\">&#9733;<\/i><i class=\"pt-star-full\">&#9733;<\/i><i class=\"pt-star-full\">&#9733;<\/i><i class=\"pt-star-full\">&#9733;<\/i><i class=\"pt-star-full\">&#9733;<\/i>\t\t\t<\/div>\n\t\t<\/div>\n\n\t\t\t\t\t\t<\/div>\n\t\t\t\t<\/div>\n\t\t\t\t<div class=\"elementor-element elementor-element-fbfbbd7 elementor-widget-divider--view-line elementor-widget elementor-widget-divider\" data-id=\"fbfbbd7\" data-element_type=\"widget\" data-e-type=\"widget\" data-widget_type=\"divider.default\">\n\t\t\t\t<div class=\"elementor-widget-container\">\n\t\t\t\t\t\t\t<div class=\"elementor-divider\">\n\t\t\t<span class=\"elementor-divider-separator\">\n\t\t\t\t\t\t<\/span>\n\t\t<\/div>\n\t\t\t\t\t\t<\/div>\n\t\t\t\t<\/div>\n\t\t\t\t\t<\/div>\n\t\t\t\t<\/a>\n\t\t\t\t<div class=\"elementor-element elementor-element-9b9d9bf elementor-widget elementor-widget-text-editor\" data-id=\"9b9d9bf\" data-element_type=\"widget\" data-e-type=\"widget\" data-widget_type=\"text-editor.default\">\n\t\t\t\t<div class=\"elementor-widget-container\">\n\t\t\t\t\t\t\t\t\t<p>Francesco, Simone und Michela, die drei Seelen des Studios, drei unterschiedliche Pers\u00f6nlichkeiten, die jedoch durch ein Band und ein starkes gemeinsames Ziel verbunden sind. Ein modernes, einladendes Studio, in dem die beste Betreuung f\u00fcr alle Bed\u00fcrfnisse angeboten wird, f\u00fcr Jung und Alt, in einer vertrauten und komfortablen Umgebung. Ein gut organisiertes Team, in dem die Mitarbeiter mit Freude und in einer Atmosph\u00e4re gemeinsamer Zufriedenheit arbeiten. Projekte zur Ausbildung und Teambildung. Ein Projekt des Lebens und des beruflichen Austauschs, um gemeinsam zu wachsen und sich st\u00e4ndig zu verbessern.<\/p>\t\t\t\t\t\t\t\t<\/div>\n\t\t\t\t<\/div>\n\t\t\t\t\t<\/div>\n\t\t\t\t<\/div>\n\t\t\t\t<\/div>\n\t\t","protected":false},"excerpt":{"rendered":"<p>Unsere geschichte \u00dcber uns Im M\u00e4rz 2009 trafen sich Simone Kravos und Francesco Guadagno zum ersten Mal, beide auf der Suche nach einem beruflichen&#8230;<\/p>\n","protected":false},"author":1,"featured_media":0,"parent":0,"menu_order":0,"comment_status":"closed","ping_status":"closed","template":"","meta":{"_acf_changed":false,"footnotes":""},"class_list":["post-11202","page","type-page","status-publish","hentry"],"acf":[],"yoast_head":"<!-- This site is optimized with the Yoast SEO plugin v27.4 - https:\/\/yoast.com\/product\/yoast-seo-wordpress\/ -->\n<title>Unsere geschichte -Studio Kravos &amp; Guadagno -\u00a0Zahnarzt\u00a0Triest - Kravos &amp; Guadagno<\/title>\n<meta name=\"robots\" content=\"index, follow, max-snippet:-1, max-image-preview:large, max-video-preview:-1\" \/>\n<link rel=\"canonical\" href=\"https:\/\/www.kravosguadagno.it\/de\/unsere-geschichte\" \/>\n<meta property=\"og:locale\" content=\"de_DE\" \/>\n<meta property=\"og:type\" content=\"article\" \/>\n<meta property=\"og:title\" content=\"Unsere geschichte -Studio Kravos &amp; Guadagno -\u00a0Zahnarzt\u00a0Triest - Kravos &amp; Guadagno\" \/>\n<meta property=\"og:description\" content=\"Unsere geschichte \u00dcber uns Im M\u00e4rz 2009 trafen sich Simone Kravos und Francesco Guadagno zum ersten Mal, beide auf der Suche nach einem beruflichen...\" \/>\n<meta property=\"og:url\" content=\"https:\/\/www.kravosguadagno.it\/de\/unsere-geschichte\" \/>\n<meta property=\"og:site_name\" content=\"Kravos &amp; Guadagno\" \/>\n<meta property=\"article:publisher\" content=\"https:\/\/www.facebook.com\/KravosGuadagno\/\" \/>\n<meta property=\"article:modified_time\" content=\"2024-08-28T20:10:05+00:00\" \/>\n<meta property=\"og:image\" content=\"https:\/\/www.kravosguadagno.it\/wp-content\/uploads\/2024\/06\/149__XP32839.jpg\" \/>\n<meta name=\"twitter:card\" content=\"summary_large_image\" \/>\n<meta name=\"twitter:label1\" content=\"Gesch\u00e4tzte Lesezeit\" \/>\n\t<meta name=\"twitter:data1\" content=\"2\u00a0Minuten\" \/>\n<script type=\"application\/ld+json\" class=\"yoast-schema-graph\">{\"@context\":\"https:\\\/\\\/schema.org\",\"@graph\":[{\"@type\":\"WebPage\",\"@id\":\"https:\\\/\\\/www.kravosguadagno.it\\\/de\\\/unsere-geschichte\",\"url\":\"https:\\\/\\\/www.kravosguadagno.it\\\/de\\\/unsere-geschichte\",\"name\":\"Unsere geschichte -Studio Kravos &amp; Guadagno -\u00a0Zahnarzt\u00a0Triest - Kravos &amp; Guadagno\",\"isPartOf\":{\"@id\":\"https:\\\/\\\/www.kravosguadagno.it\\\/#website\"},\"primaryImageOfPage\":{\"@id\":\"https:\\\/\\\/www.kravosguadagno.it\\\/de\\\/unsere-geschichte#primaryimage\"},\"image\":{\"@id\":\"https:\\\/\\\/www.kravosguadagno.it\\\/de\\\/unsere-geschichte#primaryimage\"},\"thumbnailUrl\":\"https:\\\/\\\/www.kravosguadagno.it\\\/wp-content\\\/uploads\\\/2024\\\/06\\\/149__XP32839.jpg\",\"datePublished\":\"2024-08-06T10:11:25+00:00\",\"dateModified\":\"2024-08-28T20:10:05+00:00\",\"breadcrumb\":{\"@id\":\"https:\\\/\\\/www.kravosguadagno.it\\\/de\\\/unsere-geschichte#breadcrumb\"},\"inLanguage\":\"de\",\"potentialAction\":[{\"@type\":\"ReadAction\",\"target\":[\"https:\\\/\\\/www.kravosguadagno.it\\\/de\\\/unsere-geschichte\"]}]},{\"@type\":\"ImageObject\",\"inLanguage\":\"de\",\"@id\":\"https:\\\/\\\/www.kravosguadagno.it\\\/de\\\/unsere-geschichte#primaryimage\",\"url\":\"https:\\\/\\\/www.kravosguadagno.it\\\/wp-content\\\/uploads\\\/2024\\\/06\\\/149__XP32839.jpg\",\"contentUrl\":\"https:\\\/\\\/www.kravosguadagno.it\\\/wp-content\\\/uploads\\\/2024\\\/06\\\/149__XP32839.jpg\"},{\"@type\":\"BreadcrumbList\",\"@id\":\"https:\\\/\\\/www.kravosguadagno.it\\\/de\\\/unsere-geschichte#breadcrumb\",\"itemListElement\":[{\"@type\":\"ListItem\",\"position\":1,\"name\":\"Home\",\"item\":\"https:\\\/\\\/www.kravosguadagno.it\\\/\"},{\"@type\":\"ListItem\",\"position\":2,\"name\":\"Unsere geschichte -Studio Kravos &amp; Guadagno &#8211;\u00a0Zahnarzt\u00a0Triest\"}]},{\"@type\":\"WebSite\",\"@id\":\"https:\\\/\\\/www.kravosguadagno.it\\\/#website\",\"url\":\"https:\\\/\\\/www.kravosguadagno.it\\\/\",\"name\":\"Kravos & Guadagno\",\"description\":\"Studio Kravos &amp; Guadagno - Dentista a Trieste\",\"publisher\":{\"@id\":\"https:\\\/\\\/www.kravosguadagno.it\\\/#organization\"},\"potentialAction\":[{\"@type\":\"SearchAction\",\"target\":{\"@type\":\"EntryPoint\",\"urlTemplate\":\"https:\\\/\\\/www.kravosguadagno.it\\\/?s={search_term_string}\"},\"query-input\":{\"@type\":\"PropertyValueSpecification\",\"valueRequired\":true,\"valueName\":\"search_term_string\"}}],\"inLanguage\":\"de\"},{\"@type\":\"Organization\",\"@id\":\"https:\\\/\\\/www.kravosguadagno.it\\\/#organization\",\"name\":\"Kravos & Guadagno\",\"url\":\"https:\\\/\\\/www.kravosguadagno.it\\\/\",\"logo\":{\"@type\":\"ImageObject\",\"inLanguage\":\"de\",\"@id\":\"https:\\\/\\\/www.kravosguadagno.it\\\/#\\\/schema\\\/logo\\\/image\\\/\",\"url\":\"https:\\\/\\\/www.kravosguadagno.it\\\/wp-content\\\/uploads\\\/2023\\\/12\\\/logo-kravos-guadagno.png\",\"contentUrl\":\"https:\\\/\\\/www.kravosguadagno.it\\\/wp-content\\\/uploads\\\/2023\\\/12\\\/logo-kravos-guadagno.png\",\"width\":224,\"height\":85,\"caption\":\"Kravos & Guadagno\"},\"image\":{\"@id\":\"https:\\\/\\\/www.kravosguadagno.it\\\/#\\\/schema\\\/logo\\\/image\\\/\"},\"sameAs\":[\"https:\\\/\\\/www.facebook.com\\\/KravosGuadagno\\\/\",\"https:\\\/\\\/www.instagram.com\\\/kravos_guadagno\\\/\",\"https:\\\/\\\/www.youtube.com\\\/channel\\\/UCKZu-vP_VeoO8rWKdm23oow\"]}]}<\/script>\n<!-- \/ Yoast SEO plugin. -->","yoast_head_json":{"title":"Unsere geschichte -Studio Kravos &amp; Guadagno -\u00a0Zahnarzt\u00a0Triest - Kravos &amp; Guadagno","robots":{"index":"index","follow":"follow","max-snippet":"max-snippet:-1","max-image-preview":"max-image-preview:large","max-video-preview":"max-video-preview:-1"},"canonical":"https:\/\/www.kravosguadagno.it\/de\/unsere-geschichte","og_locale":"de_DE","og_type":"article","og_title":"Unsere geschichte -Studio Kravos &amp; Guadagno -\u00a0Zahnarzt\u00a0Triest - Kravos &amp; Guadagno","og_description":"Unsere geschichte \u00dcber uns Im M\u00e4rz 2009 trafen sich Simone Kravos und Francesco Guadagno zum ersten Mal, beide auf der Suche nach einem beruflichen...","og_url":"https:\/\/www.kravosguadagno.it\/de\/unsere-geschichte","og_site_name":"Kravos &amp; Guadagno","article_publisher":"https:\/\/www.facebook.com\/KravosGuadagno\/","article_modified_time":"2024-08-28T20:10:05+00:00","og_image":[{"url":"https:\/\/www.kravosguadagno.it\/wp-content\/uploads\/2024\/06\/149__XP32839.jpg","type":"","width":"","height":""}],"twitter_card":"summary_large_image","twitter_misc":{"Gesch\u00e4tzte Lesezeit":"2\u00a0Minuten"},"schema":{"@context":"https:\/\/schema.org","@graph":[{"@type":"WebPage","@id":"https:\/\/www.kravosguadagno.it\/de\/unsere-geschichte","url":"https:\/\/www.kravosguadagno.it\/de\/unsere-geschichte","name":"Unsere geschichte -Studio Kravos &amp; Guadagno -\u00a0Zahnarzt\u00a0Triest - Kravos &amp; Guadagno","isPartOf":{"@id":"https:\/\/www.kravosguadagno.it\/#website"},"primaryImageOfPage":{"@id":"https:\/\/www.kravosguadagno.it\/de\/unsere-geschichte#primaryimage"},"image":{"@id":"https:\/\/www.kravosguadagno.it\/de\/unsere-geschichte#primaryimage"},"thumbnailUrl":"https:\/\/www.kravosguadagno.it\/wp-content\/uploads\/2024\/06\/149__XP32839.jpg","datePublished":"2024-08-06T10:11:25+00:00","dateModified":"2024-08-28T20:10:05+00:00","breadcrumb":{"@id":"https:\/\/www.kravosguadagno.it\/de\/unsere-geschichte#breadcrumb"},"inLanguage":"de","potentialAction":[{"@type":"ReadAction","target":["https:\/\/www.kravosguadagno.it\/de\/unsere-geschichte"]}]},{"@type":"ImageObject","inLanguage":"de","@id":"https:\/\/www.kravosguadagno.it\/de\/unsere-geschichte#primaryimage","url":"https:\/\/www.kravosguadagno.it\/wp-content\/uploads\/2024\/06\/149__XP32839.jpg","contentUrl":"https:\/\/www.kravosguadagno.it\/wp-content\/uploads\/2024\/06\/149__XP32839.jpg"},{"@type":"BreadcrumbList","@id":"https:\/\/www.kravosguadagno.it\/de\/unsere-geschichte#breadcrumb","itemListElement":[{"@type":"ListItem","position":1,"name":"Home","item":"https:\/\/www.kravosguadagno.it\/"},{"@type":"ListItem","position":2,"name":"Unsere geschichte -Studio Kravos &amp; Guadagno &#8211;\u00a0Zahnarzt\u00a0Triest"}]},{"@type":"WebSite","@id":"https:\/\/www.kravosguadagno.it\/#website","url":"https:\/\/www.kravosguadagno.it\/","name":"Kravos & Guadagno","description":"Studio Kravos &amp; Guadagno - Dentista a Trieste","publisher":{"@id":"https:\/\/www.kravosguadagno.it\/#organization"},"potentialAction":[{"@type":"SearchAction","target":{"@type":"EntryPoint","urlTemplate":"https:\/\/www.kravosguadagno.it\/?s={search_term_string}"},"query-input":{"@type":"PropertyValueSpecification","valueRequired":true,"valueName":"search_term_string"}}],"inLanguage":"de"},{"@type":"Organization","@id":"https:\/\/www.kravosguadagno.it\/#organization","name":"Kravos & Guadagno","url":"https:\/\/www.kravosguadagno.it\/","logo":{"@type":"ImageObject","inLanguage":"de","@id":"https:\/\/www.kravosguadagno.it\/#\/schema\/logo\/image\/","url":"https:\/\/www.kravosguadagno.it\/wp-content\/uploads\/2023\/12\/logo-kravos-guadagno.png","contentUrl":"https:\/\/www.kravosguadagno.it\/wp-content\/uploads\/2023\/12\/logo-kravos-guadagno.png","width":224,"height":85,"caption":"Kravos & Guadagno"},"image":{"@id":"https:\/\/www.kravosguadagno.it\/#\/schema\/logo\/image\/"},"sameAs":["https:\/\/www.facebook.com\/KravosGuadagno\/","https:\/\/www.instagram.com\/kravos_guadagno\/","https:\/\/www.youtube.com\/channel\/UCKZu-vP_VeoO8rWKdm23oow"]}]}},"_links":{"self":[{"href":"https:\/\/www.kravosguadagno.it\/de\/wp-json\/wp\/v2\/pages\/11202","targetHints":{"allow":["GET"]}}],"collection":[{"href":"https:\/\/www.kravosguadagno.it\/de\/wp-json\/wp\/v2\/pages"}],"about":[{"href":"https:\/\/www.kravosguadagno.it\/de\/wp-json\/wp\/v2\/types\/page"}],"author":[{"embeddable":true,"href":"https:\/\/www.kravosguadagno.it\/de\/wp-json\/wp\/v2\/users\/1"}],"replies":[{"embeddable":true,"href":"https:\/\/www.kravosguadagno.it\/de\/wp-json\/wp\/v2\/comments?post=11202"}],"version-history":[{"count":16,"href":"https:\/\/www.kravosguadagno.it\/de\/wp-json\/wp\/v2\/pages\/11202\/revisions"}],"predecessor-version":[{"id":12272,"href":"https:\/\/www.kravosguadagno.it\/de\/wp-json\/wp\/v2\/pages\/11202\/revisions\/12272"}],"wp:attachment":[{"href":"https:\/\/www.kravosguadagno.it\/de\/wp-json\/wp\/v2\/media?parent=11202"}],"curies":[{"name":"wp","href":"https:\/\/api.w.org\/{rel}","templated":true}]}}